{"id":2,"date":"2015-05-04T11:59:24","date_gmt":"2015-05-04T09:59:24","guid":{"rendered":"http:\/\/vidir.dk\/sv\/?page_id=2"},"modified":"2015-05-11T11:03:51","modified_gmt":"2015-05-11T09:03:51","slug":"exempelsida","status":"publish","type":"page","link":"http:\/\/vidir.dk\/sv\/","title":{"rendered":"V\u00e4lkommen till Vidir T."},"content":{"rendered":"<div id=\"pl-2\"  class=\"panel-layout\" ><div id=\"pg-2-0\"  class=\"panel-grid panel-has-style\" ><div class=\"siteorigin-panels-stretch panel-row-style panel-row-style-for-2-0\" data-stretch-type=\"full\" ><div id=\"pgc-2-0-0\"  class=\"panel-grid-cell\" ><div id=\"panel-2-0-0-0\" class=\"so-panel widget widget_black-studio-tinymce widget_black_studio_tinymce panel-first-child panel-last-child\" data-index=\"0\" ><div class=\"textwidget\"><blockquote>\n<p>Hej och v\u00e4lkommen till min sida!<\/p>\n<p>I \u00f6ver 2 decennier \u00e4r <br \/>syssels\u00e4ttningen den samma =)<\/p>\n<\/blockquote>\n<p><span class=\"\" style=\"display:block;clear:both;height: 0px;padding-top: 330px;border-top-width:0px;border-bottom-width:0px;\"><\/span><\/p>\n<\/div><\/div><\/div><\/div><\/div><\/div>","protected":false},"excerpt":{"rendered":"<p>Hej och v\u00e4lkommen till min sida!I \u00f6ver 2 decennier \u00e4r syssels\u00e4ttningen den samma =)<\/p>\n","protected":false},"author":1,"featured_media":0,"parent":0,"menu_order":0,"comment_status":"closed","ping_status":"closed","template":"full-width-page.php","meta":[],"_links":{"self":[{"href":"http:\/\/vidir.dk\/sv\/wp-json\/wp\/v2\/pages\/2"}],"collection":[{"href":"http:\/\/vidir.dk\/sv\/wp-json\/wp\/v2\/pages"}],"about":[{"href":"http:\/\/vidir.dk\/sv\/wp-json\/wp\/v2\/types\/page"}],"author":[{"embeddable":true,"href":"http:\/\/vidir.dk\/sv\/wp-json\/wp\/v2\/users\/1"}],"replies":[{"embeddable":true,"href":"http:\/\/vidir.dk\/sv\/wp-json\/wp\/v2\/comments?post=2"}],"version-history":[{"count":11,"href":"http:\/\/vidir.dk\/sv\/wp-json\/wp\/v2\/pages\/2\/revisions"}],"predecessor-version":[{"id":20,"href":"http:\/\/vidir.dk\/sv\/wp-json\/wp\/v2\/pages\/2\/revisions\/20"}],"wp:attachment":[{"href":"http:\/\/vidir.dk\/sv\/wp-json\/wp\/v2\/media?parent=2"}],"curies":[{"name":"wp","href":"https:\/\/api.w.org\/{rel}","templated":true}]}}